{"id":477,"date":"2020-06-16T18:00:18","date_gmt":"2020-06-16T18:00:18","guid":{"rendered":"http:\/\/madentaclinic.com\/?post_type=product&#038;p=477"},"modified":"2023-01-31T02:08:11","modified_gmt":"2023-01-31T02:08:11","slug":"ecopillo","status":"publish","type":"product","link":"https:\/\/madentaclinic.com\/en\/product\/ecopillo\/","title":{"rendered":"Ecopillo"},"content":{"rendered":"Dise\u00f1ado por creativos y dentistas paname\u00f1os, ayudando a disminuir el rastro de pl\u00e1stico en nuestro pa\u00eds","protected":false},"excerpt":{"rendered":"<p><strong>\u00a0<\/strong><\/p>\n<h2><span style=\"color: #2491d1;\">$16.00<\/span><\/h2>\n<ul>\n<li>4 adulto<\/li>\n<li>2 adultos + 2 ni\u00f1os<\/li>\n<li>4 ni\u00f1os<\/li>\n<\/ul>\n<p><a href=\"https:\/\/cuanto.app\/madenta.pa\/p\/0516b2\"><img decoding=\"async\" class=\"alignnone wp-image-507\" src=\"http:\/\/madentaclinic.com\/wp-content\/uploads\/2020\/06\/BOTON-1-300x107.jpg\" alt=\"\" width=\"193\" height=\"69\" srcset=\"https:\/\/madentaclinic.com\/wp-content\/uploads\/2020\/06\/BOTON-1-300x107.jpg 300w, https:\/\/madentaclinic.com\/wp-content\/uploads\/2020\/06\/BOTON-1-600x214.jpg 600w, https:\/\/madentaclinic.com\/wp-content\/uploads\/2020\/06\/BOTON-1.jpg 648w\" sizes=\"(max-width: 193px) 100vw, 193px\" \/><\/a>&hellip; <a class=\"kt-excerpt-readmore more-link\" href=\"https:\/\/madentaclinic.com\/en\/product\/ecopillo\/\">Read More<\/a><\/p>","protected":false},"featured_media":479,"comment_status":"open","ping_status":"closed","template":"","meta":{"om_disable_all_campaigns":false,"_monsterinsights_skip_tracking":false,"_monsterinsights_sitenote_active":false,"_monsterinsights_sitenote_note":"","_monsterinsights_sitenote_category":0,"_joinchat":[]},"product_brand":[],"product_cat":[17],"product_tag":[],"class_list":{"0":"post-477","1":"product","2":"type-product","3":"status-publish","4":"has-post-thumbnail","6":"product_cat-madentaclinic","8":"first","9":"instock","10":"shipping-taxable","11":"product-type-simple"},"aioseo_notices":[],"_links":{"self":[{"href":"https:\/\/madentaclinic.com\/en\/wp-json\/wp\/v2\/product\/477","targetHints":{"allow":["GET"]}}],"collection":[{"href":"https:\/\/madentaclinic.com\/en\/wp-json\/wp\/v2\/product"}],"about":[{"href":"https:\/\/madentaclinic.com\/en\/wp-json\/wp\/v2\/types\/product"}],"replies":[{"embeddable":true,"href":"https:\/\/madentaclinic.com\/en\/wp-json\/wp\/v2\/comments?post=477"}],"wp:featuredmedia":[{"embeddable":true,"href":"https:\/\/madentaclinic.com\/en\/wp-json\/wp\/v2\/media\/479"}],"wp:attachment":[{"href":"https:\/\/madentaclinic.com\/en\/wp-json\/wp\/v2\/media?parent=477"}],"wp:term":[{"taxonomy":"product_brand","embeddable":true,"href":"https:\/\/madentaclinic.com\/en\/wp-json\/wp\/v2\/product_brand?post=477"},{"taxonomy":"product_cat","embeddable":true,"href":"https:\/\/madentaclinic.com\/en\/wp-json\/wp\/v2\/product_cat?post=477"},{"taxonomy":"product_tag","embeddable":true,"href":"https:\/\/madentaclinic.com\/en\/wp-json\/wp\/v2\/product_tag?post=477"}],"curies":[{"name":"wp","href":"https:\/\/api.w.org\/{rel}","templated":true}]}}