{"id":662,"date":"2021-02-01T16:57:40","date_gmt":"2021-02-01T16:57:40","guid":{"rendered":"http:\/\/madentaclinic.com\/?page_id=662"},"modified":"2023-03-12T22:56:53","modified_gmt":"2023-03-12T22:56:53","slug":"ecopillo","status":"publish","type":"page","link":"https:\/\/madentaclinic.com\/en\/ecopillo\/","title":{"rendered":"EcoPillo"},"content":{"rendered":"\t\t<div data-elementor-type=\"wp-page\" data-elementor-id=\"662\" class=\"elementor elementor-662\">\n\t\t\t\t\t\t<section class=\"elementor-section elementor-top-section elementor-element elementor-element-93eb10c elementor-section-full_width elementor-section-height-default elementor-section-height-default\" data-id=\"93eb10c\" data-element_type=\"section\" data-e-type=\"section\">\n\t\t\t\t\t\t<div class=\"elementor-container elementor-column-gap-default\">\n\t\t\t\t\t<div class=\"elementor-column elementor-col-100 elementor-top-column elementor-element elementor-element-b096a1f\" data-id=\"b096a1f\" data-element_type=\"column\" data-e-type=\"column\">\n\t\t\t<div class=\"elementor-widget-wrap elementor-element-populated\">\n\t\t\t\t\t\t<div class=\"elementor-element elementor-element-ee8db29 elementor-widget elementor-widget-html\" data-id=\"ee8db29\" data-element_type=\"widget\" data-e-type=\"widget\" data-widget_type=\"html.default\">\n\t\t\t\t<div class=\"elementor-widget-container\">\n\t\t\t\t\t\n<div id=\"rev_slider_7_1_wrapper\" class=\"rev_slider_wrapper fullwidthbanner-container\" data-source=\"gallery\" style=\"margin:0px auto;background:transparent;padding:0px;margin-top:0px;margin-bottom:0px;\">\n<!-- START REVOLUTION SLIDER 5.4.6.3.1 auto mode -->\n\t<div id=\"rev_slider_7_1\" class=\"rev_slider fullwidthabanner\" style=\"display:none;\" data-version=\"5.4.6.3.1\">\n<ul>\t<!-- SLIDE  -->\n\t<li data-index=\"rs-14\" data-transition=\"fade\" data-slotamount=\"default\" data-hideafterloop=\"0\" data-hideslideonmobile=\"off\"  data-easein=\"default\" data-easeout=\"default\" data-masterspeed=\"300\"  data-rotate=\"0\"  data-saveperformance=\"off\"  data-title=\"Slide\" data-param1=\"\" data-param2=\"\" data-param3=\"\" data-param4=\"\" data-param5=\"\" data-param6=\"\" data-param7=\"\" data-param8=\"\" data-param9=\"\" data-param10=\"\" data-description=\"\">\n\t\t<!-- MAIN IMAGE -->\n\t\t<img fetchpriority=\"high\" decoding=\"async\" src=\"https:\/\/madentaclinic.com\/wp-content\/uploads\/2021\/05\/fondo-ecopillo.png\"  alt=\"\" title=\"fondo-ecopillo\"  width=\"1289\" height=\"987\" data-bgposition=\"center center\" data-bgfit=\"cover\" data-bgrepeat=\"no-repeat\" class=\"rev-slidebg\" data-no-retina>\n\t\t<!-- LAYERS -->\n\n\t\t<!-- LAYER NR. 1 -->\n\t\t<div class=\"tp-caption  \" \n\t\t\t id=\"slide-14-layer-11\" \n\t\t\t data-x=\"center\" data-hoffset=\"-327\" \n\t\t\t data-y=\"center\" data-voffset=\"-433\" \n\t\t\t\t\t\tdata-width=\"['none','none','none','none']\"\n\t\t\tdata-height=\"['none','none','none','none']\"\n \n\t\t\tdata-type=\"image\" \n\t\t\tdata-responsive_offset=\"off\" \n\n\t\t\tdata-frames='[{\"delay\":10,\"speed\":1500,\"frame\":\"0\",\"from\":\"z:0;rX:0;rY:0;rZ:0;sX:0.9;sY:0.9;skX:0;skY:0;opacity:0;\",\"to\":\"o:1;\",\"ease\":\"Power3.easeInOut\"},{\"delay\":\"wait\",\"speed\":300,\"frame\":\"999\",\"to\":\"opacity:0;\",\"ease\":\"Power3.easeInOut\"}]'\n\t\t\tdata-textAlign=\"['inherit','inherit','inherit','inherit']\"\n\t\t\tdata-paddingtop=\"[0,0,0,0]\"\n\t\t\tdata-paddingright=\"[0,0,0,0]\"\n\t\t\tdata-paddingbottom=\"[0,0,0,0]\"\n\t\t\tdata-paddingleft=\"[0,0,0,0]\"\n\n\t\t\tstyle=\"z-index: 6;cursor:pointer;\"><img decoding=\"async\" src=\"https:\/\/madentaclinic.com\/wp-content\/uploads\/2021\/05\/logo-eco.png\" alt=\"\" data-ww=\"301px\" data-hh=\"90px\" width=\"302\" height=\"91\" data-no-retina> <\/div>\n\t<\/li>\n<\/ul>\n<div class=\"tp-bannertimer tp-bottom\" style=\"visibility: hidden !important;\"><\/div>\t<\/div>\n<script>var htmlDiv = document.getElementById(\"rs-plugin-settings-inline-css\"); var htmlDivCss=\"\";\r\n\t\t\t\tif(htmlDiv) {\r\n\t\t\t\t\thtmlDiv.innerHTML = htmlDiv.innerHTML + htmlDivCss;\r\n\t\t\t\t}else{\r\n\t\t\t\t\tvar htmlDiv = document.createElement(\"div\");\r\n\t\t\t\t\thtmlDiv.innerHTML = \"<style>\" + htmlDivCss + \"<\/style>\";\r\n\t\t\t\t\tdocument.getElementsByTagName(\"head\")[0].appendChild(htmlDiv.childNodes[0]);\r\n\t\t\t\t}\r\n\t\t\t<\/script>\n\t\t<script type=\"text\/javascript\">\r\nsetREVStartSize({c: jQuery('#rev_slider_7_1'), gridwidth: [1240], gridheight: [1150], sliderLayout: 'auto'});\r\n\t\t\t\r\nvar revapi7,\r\n\ttpj=jQuery;\r\n\t\t\t\r\ntpj(document).ready(function() {\n\tif(tpj(\"#rev_slider_7_1\").revolution == undefined){\n\t\trevslider_showDoubleJqueryError(\"#rev_slider_7_1\");\n\t}else{\n\t\trevapi7 = tpj(\"#rev_slider_7_1\").show().revolution({\n\t\t\tsliderType:\"hero\",\n\t\t\tjsFileLocation:\"\/\/madentaclinic.com\/wp-content\/plugins\/revslider\/public\/assets\/js\/\",\n\t\t\tsliderLayout:\"auto\",\n\t\t\tdottedOverlay:\"none\",\n\t\t\tdelay:9000,\n\t\t\tvisibilityLevels:[1240,1024,778,480],\n\t\t\tgridwidth:1240,\n\t\t\tgridheight:1150,\n\t\t\tlazyType:\"none\",\n\t\t\tshadow:0,\n\t\t\tspinner:\"spinner0\",\n\t\t\tautoHeight:\"off\",\n\t\t\tdisableProgressBar:\"on\",\n\t\t\thideThumbsOnMobile:\"off\",\n\t\t\thideSliderAtLimit:0,\n\t\t\thideCaptionAtLimit:0,\n\t\t\thideAllCaptionAtLilmit:0,\n\t\t\tdebugMode:false,\n\t\t\tfallbacks: {\n\t\t\t\tsimplifyAll:\"off\",\n\t\t\t\tdisableFocusListener:false,\n\t\t\t}\n\t\t});\n\t}\n\t\n});\t\/*ready*\/\n<\/script>\r\n\t\t<\/div><!-- END REVOLUTION SLIDER -->\t\t\t\t<\/div>\n\t\t\t\t<\/div>\n\t\t\t\t\t<\/div>\n\t\t<\/div>\n\t\t\t\t\t<\/div>\n\t\t<\/section>\n\t\t\t\t<section class=\"elementor-section elementor-top-section elementor-element elementor-element-ee7382e elementor-section-boxed elementor-section-height-default elementor-section-height-default\" data-id=\"ee7382e\" data-element_type=\"section\" data-e-type=\"section\">\n\t\t\t\t\t\t<div class=\"elementor-container elementor-column-gap-default\">\n\t\t\t\t\t<div class=\"elementor-column elementor-col-100 elementor-top-column elementor-element elementor-element-de3cb5f\" data-id=\"de3cb5f\" data-element_type=\"column\" data-e-type=\"column\">\n\t\t\t<div class=\"elementor-widget-wrap elementor-element-populated\">\n\t\t\t\t\t\t<div class=\"elementor-element elementor-element-7d94f2c elementor-widget elementor-widget-text-editor\" data-id=\"7d94f2c\" data-element_type=\"widget\" data-e-type=\"widget\" data-widget_type=\"text-editor.default\">\n\t\t\t\t<div class=\"elementor-widget-container\">\n\t\t\t\t\t\t\t\t\t<p style=\"text-align: center;\">ECOPILLO es un cepillo de bamb\u00fa dise\u00f1ado por creativos y dentistas paname\u00f1os aportando a disminuir el rastro de pl\u00e1stico en nuestro pa\u00eds.<br \/>Nuestro Ecopillo est\u00e1 disponible en dos presentaciones para adultos y ni\u00f1os (Ecopillo Kids).<\/p>\t\t\t\t\t\t\t\t<\/div>\n\t\t\t\t<\/div>\n\t\t\t\t\t<\/div>\n\t\t<\/div>\n\t\t\t\t\t<\/div>\n\t\t<\/section>\n\t\t\t\t<section class=\"elementor-section elementor-top-section elementor-element elementor-element-bd88fd3 elementor-section-boxed elementor-section-height-default elementor-section-height-default\" data-id=\"bd88fd3\" data-element_type=\"section\" data-e-type=\"section\">\n\t\t\t\t\t\t<div class=\"elementor-container elementor-column-gap-default\">\n\t\t\t\t\t<div class=\"elementor-column elementor-col-100 elementor-top-column elementor-element elementor-element-0cd7f00\" data-id=\"0cd7f00\" data-element_type=\"column\" data-e-type=\"column\">\n\t\t\t<div class=\"elementor-widget-wrap elementor-element-populated\">\n\t\t\t\t\t\t<div class=\"elementor-element elementor-element-00d95d6 elementor-widget-divider--view-line elementor-widget elementor-widget-divider\" data-id=\"00d95d6\" data-element_type=\"widget\" data-e-type=\"widget\" data-widget_type=\"divider.default\">\n\t\t\t\t<div class=\"elementor-widget-container\">\n\t\t\t\t\t\t\t<div class=\"elementor-divider\">\n\t\t\t<span class=\"elementor-divider-separator\">\n\t\t\t\t\t\t<\/span>\n\t\t<\/div>\n\t\t\t\t\t\t<\/div>\n\t\t\t\t<\/div>\n\t\t\t\t\t<\/div>\n\t\t<\/div>\n\t\t\t\t\t<\/div>\n\t\t<\/section>\n\t\t\t\t<section class=\"elementor-section elementor-top-section elementor-element elementor-element-4d3402d elementor-section-boxed elementor-section-height-default elementor-section-height-default\" data-id=\"4d3402d\" data-element_type=\"section\" data-e-type=\"section\">\n\t\t\t\t\t\t<div class=\"elementor-container elementor-column-gap-default\">\n\t\t\t\t\t<div class=\"elementor-column elementor-col-50 elementor-top-column elementor-element elementor-element-1206089\" data-id=\"1206089\" data-element_type=\"column\" data-e-type=\"column\">\n\t\t\t<div class=\"elementor-widget-wrap elementor-element-populated\">\n\t\t\t\t\t\t<div class=\"elementor-element elementor-element-b5bd84e elementor-invisible elementor-widget elementor-widget-image\" data-id=\"b5bd84e\" data-element_type=\"widget\" data-e-type=\"widget\" data-settings=\"{&quot;_animation&quot;:&quot;fadeInUp&quot;}\" data-widget_type=\"image.default\">\n\t\t\t\t<div class=\"elementor-widget-container\">\n\t\t\t\t\t\t\t\t\t\t\t\t\t\t\t<img decoding=\"async\" width=\"487\" height=\"305\" src=\"https:\/\/madentaclinic.com\/wp-content\/uploads\/2021\/05\/caracteristivas-v2.png\" class=\"attachment-ascend-720x480 size-ascend-720x480 wp-image-1032\" alt=\"\" srcset=\"https:\/\/madentaclinic.com\/wp-content\/uploads\/2021\/05\/caracteristivas-v2.png 487w, https:\/\/madentaclinic.com\/wp-content\/uploads\/2021\/05\/caracteristivas-v2-300x188.png 300w\" sizes=\"(max-width: 487px) 100vw, 487px\" \/>\t\t\t\t\t\t\t\t\t\t\t\t\t\t\t<\/div>\n\t\t\t\t<\/div>\n\t\t\t\t\t<\/div>\n\t\t<\/div>\n\t\t\t\t<div class=\"elementor-column elementor-col-50 elementor-top-column elementor-element elementor-element-3b66985\" data-id=\"3b66985\" data-element_type=\"column\" data-e-type=\"column\">\n\t\t\t<div class=\"elementor-widget-wrap elementor-element-populated\">\n\t\t\t\t\t\t<div class=\"elementor-element elementor-element-0589b1d elementor-widget elementor-widget-text-editor\" data-id=\"0589b1d\" data-element_type=\"widget\" data-e-type=\"widget\" data-widget_type=\"text-editor.default\">\n\t\t\t\t<div class=\"elementor-widget-container\">\n\t\t\t\t\t\t\t\t\t<ul><li style=\"text-align: left;\"><strong>Cerdas:<\/strong> Sus cerdas de nylon Dupont, permiten realizar un perfect cepillado sin afectar de manera negativa la enc\u00eda y esmalte dental. Su forma es acorde a la anatom\u00eda de los dientes.<\/li><\/ul><ul><li><strong>Mango:<\/strong> Su mango ergon\u00f3mico se puede agarrar con el pulgar en el centro, promoviendo una adecuada t\u00e9cnica de cepillado.<\/li><\/ul><ul><li><strong>Pintura anti-humedad:<\/strong> Sella el extremo del Ecopillo para evitar cambios de color.<\/li><\/ul>\t\t\t\t\t\t\t\t<\/div>\n\t\t\t\t<\/div>\n\t\t\t\t\t<\/div>\n\t\t<\/div>\n\t\t\t\t\t<\/div>\n\t\t<\/section>\n\t\t\t\t<section class=\"elementor-section elementor-top-section elementor-element elementor-element-c2a6df6 elementor-section-boxed elementor-section-height-default elementor-section-height-default\" data-id=\"c2a6df6\" data-element_type=\"section\" data-e-type=\"section\">\n\t\t\t\t\t\t<div class=\"elementor-container elementor-column-gap-default\">\n\t\t\t\t\t<div class=\"elementor-column elementor-col-33 elementor-top-column elementor-element elementor-element-8a3c832\" data-id=\"8a3c832\" data-element_type=\"column\" data-e-type=\"column\">\n\t\t\t<div class=\"elementor-widget-wrap elementor-element-populated\">\n\t\t\t\t\t\t<div class=\"elementor-element elementor-element-bdb4246 elementor-invisible elementor-widget elementor-widget-image\" data-id=\"bdb4246\" data-element_type=\"widget\" data-e-type=\"widget\" data-settings=\"{&quot;_animation&quot;:&quot;fadeInDown&quot;,&quot;_animation_delay&quot;:800}\" data-widget_type=\"image.default\">\n\t\t\t\t<div class=\"elementor-widget-container\">\n\t\t\t\t\t\t\t\t\t\t\t\t\t\t\t<img loading=\"lazy\" decoding=\"async\" width=\"1041\" height=\"1056\" src=\"https:\/\/madentaclinic.com\/wp-content\/uploads\/2021\/07\/foto-1.jpg\" class=\"elementor-animation-grow attachment-full size-full wp-image-1084\" alt=\"\" srcset=\"https:\/\/madentaclinic.com\/wp-content\/uploads\/2021\/07\/foto-1.jpg 1041w, https:\/\/madentaclinic.com\/wp-content\/uploads\/2021\/07\/foto-1-296x300.jpg 296w, https:\/\/madentaclinic.com\/wp-content\/uploads\/2021\/07\/foto-1-1009x1024.jpg 1009w, https:\/\/madentaclinic.com\/wp-content\/uploads\/2021\/07\/foto-1-768x779.jpg 768w, https:\/\/madentaclinic.com\/wp-content\/uploads\/2021\/07\/foto-1-600x609.jpg 600w, https:\/\/madentaclinic.com\/wp-content\/uploads\/2021\/07\/foto-1-100x100.jpg 100w\" sizes=\"(max-width: 1041px) 100vw, 1041px\" \/>\t\t\t\t\t\t\t\t\t\t\t\t\t\t\t<\/div>\n\t\t\t\t<\/div>\n\t\t\t\t\t<\/div>\n\t\t<\/div>\n\t\t\t\t<div class=\"elementor-column elementor-col-33 elementor-top-column elementor-element elementor-element-25750cd\" data-id=\"25750cd\" data-element_type=\"column\" data-e-type=\"column\">\n\t\t\t<div class=\"elementor-widget-wrap elementor-element-populated\">\n\t\t\t\t\t\t<div class=\"elementor-element elementor-element-4a13489 elementor-invisible elementor-widget elementor-widget-image\" data-id=\"4a13489\" data-element_type=\"widget\" data-e-type=\"widget\" data-settings=\"{&quot;_animation&quot;:&quot;fadeInDown&quot;,&quot;_animation_delay&quot;:1000}\" data-widget_type=\"image.default\">\n\t\t\t\t<div class=\"elementor-widget-container\">\n\t\t\t\t\t\t\t\t\t\t\t\t\t\t\t\t<a href=\"https:\/\/www.cuanto.app\/ecopillopty\">\n\t\t\t\t\t\t\t<img loading=\"lazy\" decoding=\"async\" width=\"347\" height=\"352\" src=\"https:\/\/madentaclinic.com\/wp-content\/uploads\/2021\/07\/KIDS.jpg\" class=\"elementor-animation-grow attachment-full size-full wp-image-1079\" alt=\"\" srcset=\"https:\/\/madentaclinic.com\/wp-content\/uploads\/2021\/07\/KIDS.jpg 347w, https:\/\/madentaclinic.com\/wp-content\/uploads\/2021\/07\/KIDS-296x300.jpg 296w, https:\/\/madentaclinic.com\/wp-content\/uploads\/2021\/07\/KIDS-100x100.jpg 100w\" sizes=\"(max-width: 347px) 100vw, 347px\" \/>\t\t\t\t\t\t\t\t<\/a>\n\t\t\t\t\t\t\t\t\t\t\t\t\t\t\t<\/div>\n\t\t\t\t<\/div>\n\t\t\t\t\t<\/div>\n\t\t<\/div>\n\t\t\t\t<div class=\"elementor-column elementor-col-33 elementor-top-column elementor-element elementor-element-ae62fe0\" data-id=\"ae62fe0\" data-element_type=\"column\" data-e-type=\"column\">\n\t\t\t<div class=\"elementor-widget-wrap elementor-element-populated\">\n\t\t\t\t\t\t<div class=\"elementor-element elementor-element-1228076 elementor-invisible elementor-widget elementor-widget-image\" data-id=\"1228076\" data-element_type=\"widget\" data-e-type=\"widget\" data-settings=\"{&quot;_animation&quot;:&quot;fadeInDown&quot;,&quot;_animation_delay&quot;:1200}\" data-widget_type=\"image.default\">\n\t\t\t\t<div class=\"elementor-widget-container\">\n\t\t\t\t\t\t\t\t\t\t\t\t\t\t\t\t<a href=\"https:\/\/www.cuanto.app\/ecopillopty\">\n\t\t\t\t\t\t\t<img loading=\"lazy\" decoding=\"async\" width=\"347\" height=\"352\" src=\"https:\/\/madentaclinic.com\/wp-content\/uploads\/2021\/07\/ADULTO.jpg\" class=\"elementor-animation-grow attachment-full size-full wp-image-1080\" alt=\"\" srcset=\"https:\/\/madentaclinic.com\/wp-content\/uploads\/2021\/07\/ADULTO.jpg 347w, https:\/\/madentaclinic.com\/wp-content\/uploads\/2021\/07\/ADULTO-296x300.jpg 296w, https:\/\/madentaclinic.com\/wp-content\/uploads\/2021\/07\/ADULTO-100x100.jpg 100w\" sizes=\"(max-width: 347px) 100vw, 347px\" \/>\t\t\t\t\t\t\t\t<\/a>\n\t\t\t\t\t\t\t\t\t\t\t\t\t\t\t<\/div>\n\t\t\t\t<\/div>\n\t\t\t\t\t<\/div>\n\t\t<\/div>\n\t\t\t\t\t<\/div>\n\t\t<\/section>\n\t\t\t\t<section class=\"elementor-section elementor-top-section elementor-element elementor-element-6ccfb41 elementor-section-boxed elementor-section-height-default elementor-section-height-default elementor-invisible\" data-id=\"6ccfb41\" data-element_type=\"section\" data-e-type=\"section\" data-settings=\"{&quot;animation&quot;:&quot;fadeInDown&quot;}\">\n\t\t\t\t\t\t<div class=\"elementor-container elementor-column-gap-default\">\n\t\t\t\t\t<div class=\"elementor-column elementor-col-100 elementor-top-column elementor-element elementor-element-e3056bc\" data-id=\"e3056bc\" data-element_type=\"column\" data-e-type=\"column\">\n\t\t\t<div class=\"elementor-widget-wrap elementor-element-populated\">\n\t\t\t\t\t\t<div class=\"elementor-element elementor-element-9dc54d1 elementor-widget elementor-widget-image\" data-id=\"9dc54d1\" data-element_type=\"widget\" data-e-type=\"widget\" data-widget_type=\"image.default\">\n\t\t\t\t<div class=\"elementor-widget-container\">\n\t\t\t\t\t\t\t\t\t\t\t\t\t\t\t<img loading=\"lazy\" decoding=\"async\" width=\"465\" height=\"69\" src=\"https:\/\/madentaclinic.com\/wp-content\/uploads\/2021\/02\/punto-de-venta.png\" class=\"attachment-full size-full wp-image-715\" alt=\"\" srcset=\"https:\/\/madentaclinic.com\/wp-content\/uploads\/2021\/02\/punto-de-venta.png 465w, https:\/\/madentaclinic.com\/wp-content\/uploads\/2021\/02\/punto-de-venta-300x45.png 300w\" sizes=\"(max-width: 465px) 100vw, 465px\" \/>\t\t\t\t\t\t\t\t\t\t\t\t\t\t\t<\/div>\n\t\t\t\t<\/div>\n\t\t\t\t\t<\/div>\n\t\t<\/div>\n\t\t\t\t\t<\/div>\n\t\t<\/section>\n\t\t\t\t<section class=\"elementor-section elementor-top-section elementor-element elementor-element-cd87368 elementor-section-boxed elementor-section-height-default elementor-section-height-default\" data-id=\"cd87368\" data-element_type=\"section\" data-e-type=\"section\">\n\t\t\t\t\t\t<div class=\"elementor-container elementor-column-gap-default\">\n\t\t\t\t\t<div class=\"elementor-column elementor-col-33 elementor-top-column elementor-element elementor-element-1fc4886\" data-id=\"1fc4886\" data-element_type=\"column\" data-e-type=\"column\">\n\t\t\t<div class=\"elementor-widget-wrap elementor-element-populated\">\n\t\t\t\t\t\t<div class=\"elementor-element elementor-element-3508d1f elementor-invisible elementor-widget elementor-widget-image\" data-id=\"3508d1f\" data-element_type=\"widget\" data-e-type=\"widget\" data-settings=\"{&quot;_animation&quot;:&quot;fadeInLeft&quot;}\" data-widget_type=\"image.default\">\n\t\t\t\t<div class=\"elementor-widget-container\">\n\t\t\t\t\t\t\t\t\t\t\t\t\t\t\t<img loading=\"lazy\" decoding=\"async\" width=\"223\" height=\"59\" src=\"https:\/\/madentaclinic.com\/wp-content\/uploads\/2021\/02\/pagomadenta.png\" class=\"attachment-medium size-medium wp-image-720\" alt=\"\" \/>\t\t\t\t\t\t\t\t\t\t\t\t\t\t\t<\/div>\n\t\t\t\t<\/div>\n\t\t\t\t\t<\/div>\n\t\t<\/div>\n\t\t\t\t<div class=\"elementor-column elementor-col-33 elementor-top-column elementor-element elementor-element-dfdcda1\" data-id=\"dfdcda1\" data-element_type=\"column\" data-e-type=\"column\">\n\t\t\t<div class=\"elementor-widget-wrap elementor-element-populated\">\n\t\t\t\t\t\t<div class=\"elementor-element elementor-element-7bdeeb3 elementor-absolute elementor-invisible elementor-widget elementor-widget-image\" data-id=\"7bdeeb3\" data-element_type=\"widget\" data-e-type=\"widget\" data-settings=\"{&quot;_animation&quot;:&quot;fadeInLeft&quot;,&quot;_position&quot;:&quot;absolute&quot;}\" data-widget_type=\"image.default\">\n\t\t\t\t<div class=\"elementor-widget-container\">\n\t\t\t\t\t\t\t\t\t\t\t\t\t\t\t<img loading=\"lazy\" decoding=\"async\" width=\"83\" height=\"83\" src=\"https:\/\/madentaclinic.com\/wp-content\/uploads\/2021\/02\/farmaciaeljavillo.png\" class=\"attachment-thumbnail size-thumbnail wp-image-718\" alt=\"\" \/>\t\t\t\t\t\t\t\t\t\t\t\t\t\t\t<\/div>\n\t\t\t\t<\/div>\n\t\t\t\t\t<\/div>\n\t\t<\/div>\n\t\t\t\t<div class=\"elementor-column elementor-col-33 elementor-top-column elementor-element elementor-element-cf81361\" data-id=\"cf81361\" data-element_type=\"column\" data-e-type=\"column\">\n\t\t\t<div class=\"elementor-widget-wrap elementor-element-populated\">\n\t\t\t\t\t\t<div class=\"elementor-element elementor-element-20b62bd elementor-invisible elementor-widget elementor-widget-image\" data-id=\"20b62bd\" data-element_type=\"widget\" data-e-type=\"widget\" data-settings=\"{&quot;_animation&quot;:&quot;fadeInLeft&quot;}\" data-widget_type=\"image.default\">\n\t\t\t\t<div class=\"elementor-widget-container\">\n\t\t\t\t\t\t\t\t\t\t\t\t\t\t\t<img loading=\"lazy\" decoding=\"async\" width=\"152\" height=\"75\" src=\"https:\/\/madentaclinic.com\/wp-content\/uploads\/2021\/02\/organicastore2.png\" class=\"attachment-large size-large wp-image-722\" alt=\"\" srcset=\"https:\/\/madentaclinic.com\/wp-content\/uploads\/2021\/02\/organicastore2.png 152w, https:\/\/madentaclinic.com\/wp-content\/uploads\/2021\/02\/organicastore2-150x75.png 150w\" sizes=\"(max-width: 152px) 100vw, 152px\" \/>\t\t\t\t\t\t\t\t\t\t\t\t\t\t\t<\/div>\n\t\t\t\t<\/div>\n\t\t\t\t\t<\/div>\n\t\t<\/div>\n\t\t\t\t\t<\/div>\n\t\t<\/section>\n\t\t\t\t<section class=\"elementor-section elementor-top-section elementor-element elementor-element-4e1553f elementor-section-boxed elementor-section-height-default elementor-section-height-default\" data-id=\"4e1553f\" data-element_type=\"section\" data-e-type=\"section\">\n\t\t\t\t\t\t<div class=\"elementor-container elementor-column-gap-default\">\n\t\t\t\t\t<div class=\"elementor-column elementor-col-100 elementor-top-column elementor-element elementor-element-cd34687\" data-id=\"cd34687\" data-element_type=\"column\" data-e-type=\"column\">\n\t\t\t<div class=\"elementor-widget-wrap elementor-element-populated\">\n\t\t\t\t\t\t<div class=\"elementor-element elementor-element-8014fa6 elementor-widget elementor-widget-spacer\" data-id=\"8014fa6\" data-element_type=\"widget\" data-e-type=\"widget\" data-widget_type=\"spacer.default\">\n\t\t\t\t<div class=\"elementor-widget-container\">\n\t\t\t\t\t\t\t<div class=\"elementor-spacer\">\n\t\t\t<div class=\"elementor-spacer-inner\"><\/div>\n\t\t<\/div>\n\t\t\t\t\t\t<\/div>\n\t\t\t\t<\/div>\n\t\t\t\t\t<\/div>\n\t\t<\/div>\n\t\t\t\t\t<\/div>\n\t\t<\/section>\n\t\t\t\t<section class=\"elementor-section elementor-top-section elementor-element elementor-element-11b9c8b elementor-section-boxed elementor-section-height-default elementor-section-height-default\" data-id=\"11b9c8b\" data-element_type=\"section\" data-e-type=\"section\" data-settings=\"{&quot;background_background&quot;:&quot;slideshow&quot;,&quot;background_slideshow_gallery&quot;:[{&quot;id&quot;:1088,&quot;url&quot;:&quot;http:\\\/\\\/madentaclinic.com\\\/wp-content\\\/uploads\\\/2021\\\/07\\\/bg-pie-scaled.jpg&quot;}],&quot;background_slideshow_loop&quot;:&quot;yes&quot;,&quot;background_slideshow_slide_duration&quot;:5000,&quot;background_slideshow_slide_transition&quot;:&quot;fade&quot;,&quot;background_slideshow_transition_duration&quot;:500}\">\n\t\t\t\t\t\t<div class=\"elementor-container elementor-column-gap-default\">\n\t\t\t\t\t<div class=\"elementor-column elementor-col-50 elementor-top-column elementor-element elementor-element-48c83a9\" data-id=\"48c83a9\" data-element_type=\"column\" data-e-type=\"column\">\n\t\t\t<div class=\"elementor-widget-wrap\">\n\t\t\t\t\t\t\t<\/div>\n\t\t<\/div>\n\t\t\t\t<div class=\"elementor-column elementor-col-50 elementor-top-column elementor-element elementor-element-b3e49bd\" data-id=\"b3e49bd\" data-element_type=\"column\" data-e-type=\"column\">\n\t\t\t<div class=\"elementor-widget-wrap elementor-element-populated\">\n\t\t\t\t\t\t<div class=\"elementor-element elementor-element-99e472c elementor-widget elementor-widget-image\" data-id=\"99e472c\" data-element_type=\"widget\" data-e-type=\"widget\" data-widget_type=\"image.default\">\n\t\t\t\t<div class=\"elementor-widget-container\">\n\t\t\t\t\t\t\t\t\t\t\t\t\t\t\t<img loading=\"lazy\" decoding=\"async\" width=\"1602\" height=\"1056\" src=\"https:\/\/madentaclinic.com\/wp-content\/uploads\/2021\/07\/yappy-1.png\" class=\"attachment-full size-full wp-image-1091\" alt=\"\" srcset=\"https:\/\/madentaclinic.com\/wp-content\/uploads\/2021\/07\/yappy-1.png 1602w, https:\/\/madentaclinic.com\/wp-content\/uploads\/2021\/07\/yappy-1-300x198.png 300w, https:\/\/madentaclinic.com\/wp-content\/uploads\/2021\/07\/yappy-1-1024x675.png 1024w, https:\/\/madentaclinic.com\/wp-content\/uploads\/2021\/07\/yappy-1-768x506.png 768w, https:\/\/madentaclinic.com\/wp-content\/uploads\/2021\/07\/yappy-1-1536x1012.png 1536w, https:\/\/madentaclinic.com\/wp-content\/uploads\/2021\/07\/yappy-1-600x396.png 600w\" sizes=\"(max-width: 1602px) 100vw, 1602px\" \/>\t\t\t\t\t\t\t\t\t\t\t\t\t\t\t<\/div>\n\t\t\t\t<\/div>\n\t\t\t\t\t<\/div>\n\t\t<\/div>\n\t\t\t\t\t<\/div>\n\t\t<\/section>\n\t\t\t\t<\/div>\n\t\t","protected":false},"excerpt":{"rendered":"<p>ECOPILLO es un cepillo de bamb\u00fa dise\u00f1ado por creativos y dentistas paname\u00f1os aportando a disminuir el rastro de pl\u00e1stico en nuestro pa\u00eds.Nuestro Ecopillo est\u00e1 disponible en dos presentaciones para adultos y ni\u00f1os (Ecopillo Kids). Cerdas: Sus cerdas de nylon Dupont, &hellip; <a class=\"kt-excerpt-readmore more-link\" href=\"https:\/\/madentaclinic.com\/en\/ecopillo\/\">Read More<\/a><\/p>","protected":false},"author":1,"featured_media":0,"parent":0,"menu_order":0,"comment_status":"closed","ping_status":"closed","template":"","meta":{"om_disable_all_campaigns":false,"_monsterinsights_skip_tracking":false,"_monsterinsights_sitenote_active":false,"_monsterinsights_sitenote_note":"","_monsterinsights_sitenote_category":0,"_joinchat":[],"footnotes":""},"class_list":["post-662","page","type-page","status-publish","hentry"],"aioseo_notices":[],"_links":{"self":[{"href":"https:\/\/madentaclinic.com\/en\/wp-json\/wp\/v2\/pages\/662","targetHints":{"allow":["GET"]}}],"collection":[{"href":"https:\/\/madentaclinic.com\/en\/wp-json\/wp\/v2\/pages"}],"about":[{"href":"https:\/\/madentaclinic.com\/en\/wp-json\/wp\/v2\/types\/page"}],"author":[{"embeddable":true,"href":"https:\/\/madentaclinic.com\/en\/wp-json\/wp\/v2\/users\/1"}],"replies":[{"embeddable":true,"href":"https:\/\/madentaclinic.com\/en\/wp-json\/wp\/v2\/comments?post=662"}],"version-history":[{"count":130,"href":"https:\/\/madentaclinic.com\/en\/wp-json\/wp\/v2\/pages\/662\/revisions"}],"predecessor-version":[{"id":1957,"href":"https:\/\/madentaclinic.com\/en\/wp-json\/wp\/v2\/pages\/662\/revisions\/1957"}],"wp:attachment":[{"href":"https:\/\/madentaclinic.com\/en\/wp-json\/wp\/v2\/media?parent=662"}],"curies":[{"name":"wp","href":"https:\/\/api.w.org\/{rel}","templated":true}]}}