{"id":2130,"date":"2024-02-26T19:37:04","date_gmt":"2024-02-26T19:37:04","guid":{"rendered":"https:\/\/madentaclinic.com\/?page_id=2130"},"modified":"2024-03-19T19:47:46","modified_gmt":"2024-03-19T19:47:46","slug":"madenta-blog","status":"publish","type":"page","link":"https:\/\/madentaclinic.com\/en\/madenta-blog\/","title":{"rendered":"Blog"},"content":{"rendered":"<style>.elementor-2130 .elementor-element.elementor-element-6e1ed17.ob-is-breaking-bad > .elementor-container{justify-content:flex-start !important;flex-direction:row;}.elementor-2130 .elementor-element.elementor-element-6e1ed17.ob-is-breaking-bad.ob-bb-inner > .elementor-container{justify-content:flex-start !important;flex-direction:row;}.elementor-2130 .elementor-element.elementor-element-6e1ed17.ob-is-breaking-bad.ob-is-glider > .elementor-container.swiper-vertical{flex-direction:column;}.elementor-2130 .elementor-element.elementor-element-6e1ed17.ob-is-breaking-bad.ob-is-glider.ob-bb-inner > .elementor-container.swiper-vertical{flex-direction:column;}.elementor-2130 .elementor-element.elementor-element-6e1ed17.ob-is-breaking-bad.ob-bb-inner{width:100%;flex:unset;align-self:inherit;}.elementor-2130 .elementor-element.elementor-element-67cb8eb.elementor-column{align-self:inherit;cursor:default;}.elementor-2130 .elementor-element.elementor-element-71ccdc6 .eael-entry-thumbnail{padding-bottom:calc(0.61 * 100%);height:0px;}.elementor-2130 .elementor-element.elementor-element-71ccdc6 .eael-grid-post-holder{background-color:#FFFFFF;}.elementor-2130 .elementor-element.elementor-element-71ccdc6 .eael-entry-title a{color:#303133;}.elementor-2130 .elementor-element.elementor-element-71ccdc6 .eael-entry-title:hover, .elementor-2130 .elementor-element.elementor-element-71ccdc6 .eael-entry-title a:hover{color:#23527c;}.elementor-2130 .elementor-element.elementor-element-71ccdc6 .eael-grid-post .eael-entry-overlay{background-color:rgba(0,0,0, .75);}.elementor-2130 .elementor-element.elementor-element-71ccdc6 .eael-grid-post .eael-entry-overlay > i{color:#ffffff;font-size:18px;}.elementor-2130 .elementor-element.elementor-element-71ccdc6 .eael-grid-post .eael-entry-overlay > img{height:18px;width:18px;}.elementor-2130 .elementor-element.elementor-element-71ccdc6 .eael-post-elements-readmore-btn{color:#E008A9;border-radius:0px 0px 0px 0px;}.elementor-2130 .elementor-element.elementor-element-71ccdc6 .eael-load-more-button{font-family:\"Roboto\", Sans-serif;color:#fff;background:#BF11C0;border-radius:49px;}.elementor-2130 .elementor-element.elementor-element-71ccdc6 .eael-load-more-button:hover{color:#fff;background:#27bdbd;}.elementor-2130 .elementor-element.elementor-element-71ccdc6 .eael-load-more-button-wrap{justify-content:center;}html, body{overflow-x:auto;}<\/style>\t\t<div data-elementor-type=\"wp-page\" data-elementor-id=\"2130\" class=\"elementor elementor-2130\">\n\t\t\t\t\t\t<section class=\"ob-is-breaking-bad elementor-section elementor-top-section elementor-element elementor-element-6e1ed17 elementor-section-boxed elementor-section-height-default elementor-section-height-default\" data-id=\"6e1ed17\" data-element_type=\"section\" data-e-type=\"section\" data-settings=\"{&quot;_ob_bbad_use_it&quot;:&quot;yes&quot;,&quot;_ob_bbad_sssic_use&quot;:&quot;no&quot;,&quot;_ob_glider_is_slider&quot;:&quot;no&quot;}\">\n\t\t\t\t\t\t<div class=\"elementor-container elementor-column-gap-default\">\n\t\t\t\t\t<div class=\"elementor-column elementor-col-100 elementor-top-column elementor-element elementor-element-67cb8eb\" data-id=\"67cb8eb\" data-element_type=\"column\" data-e-type=\"column\" data-settings=\"{&quot;_ob_bbad_is_stalker&quot;:&quot;no&quot;,&quot;_ob_teleporter_use&quot;:false,&quot;_ob_column_hoveranimator&quot;:&quot;no&quot;,&quot;_ob_column_has_pseudo&quot;:&quot;no&quot;}\">\n\t\t\t<div class=\"elementor-widget-wrap elementor-element-populated\">\n\t\t\t\t\t\t<div class=\"elementor-element elementor-element-71ccdc6 elementor-grid-eael-col-3 elementor-grid-tablet-eael-col-2 elementor-grid-mobile-eael-col-1 ob-has-background-overlay elementor-widget elementor-widget-eael-post-grid\" data-id=\"71ccdc6\" data-element_type=\"widget\" data-e-type=\"widget\" data-settings=\"{&quot;eael_post_grid_columns&quot;:&quot;eael-col-3&quot;,&quot;eael_post_grid_columns_tablet&quot;:&quot;eael-col-2&quot;,&quot;eael_post_grid_columns_mobile&quot;:&quot;eael-col-1&quot;,&quot;_ob_perspektive_use&quot;:&quot;no&quot;,&quot;_ob_poopart_use&quot;:&quot;yes&quot;,&quot;_ob_shadough_use&quot;:&quot;no&quot;,&quot;_ob_allow_hoveranimator&quot;:&quot;no&quot;,&quot;_ob_widget_stalker_use&quot;:&quot;no&quot;}\" data-widget_type=\"eael-post-grid.default\">\n\t\t\t\t<div class=\"elementor-widget-container\">\n\t\t\t\t\t<div id=\"eael-post-grid-71ccdc6\" class=\"eael-post-grid-container\">\n            <div class=\"eael-post-grid eael-post-appender eael-post-appender-71ccdc6 eael-post-grid-style-one\" data-layout-mode=\"grid\"><article class=\"eael-grid-post  eael-post-grid-column eael-pg-post-2633 category-alineadores-invisibles-blanqueamiento-dental-blog-carillas-dentista-madenta tags-alineadores-invisibles-blanqueamiento-dental-carillas-dentales-carillas-panama-clinica-dental-clinicadental-dental-dentista-madenta\" data-id=\"2633\">\n        <div class=\"eael-grid-post-holder\">\n            <div class=\"eael-grid-post-holder-inner\"><div class=\"eael-entry-media\"><div class=\"eael-entry-overlay fade-in\"><i class=\"jki jki-blogger-b\" aria-hidden=\"true\"><\/i><a href=\"https:\/\/madentaclinic.com\/en\/2025\/10\/20\/la-guia-completa-de-los-alineadores-invisibles\/\"><\/a><\/div><div class=\"eael-entry-thumbnail eael-image-ratio\">\n                <img decoding=\"async\" width=\"300\" height=\"90\" src=\"https:\/\/madentaclinic.com\/wp-content\/uploads\/2025\/10\/invisibe-2-300x90.png\" class=\"attachment-medium size-medium wp-image-2634\" alt=\"\" srcset=\"https:\/\/madentaclinic.com\/wp-content\/uploads\/2025\/10\/invisibe-2-300x90.png 300w, https:\/\/madentaclinic.com\/wp-content\/uploads\/2025\/10\/invisibe-2-1024x307.png 1024w, https:\/\/madentaclinic.com\/wp-content\/uploads\/2025\/10\/invisibe-2-768x230.png 768w, https:\/\/madentaclinic.com\/wp-content\/uploads\/2025\/10\/invisibe-2-1536x461.png 1536w, https:\/\/madentaclinic.com\/wp-content\/uploads\/2025\/10\/invisibe-2-18x5.png 18w, https:\/\/madentaclinic.com\/wp-content\/uploads\/2025\/10\/invisibe-2-600x180.png 600w, https:\/\/madentaclinic.com\/wp-content\/uploads\/2025\/10\/invisibe-2-840x252.png 840w, https:\/\/madentaclinic.com\/wp-content\/uploads\/2025\/10\/invisibe-2-420x126.png 420w, https:\/\/madentaclinic.com\/wp-content\/uploads\/2025\/10\/invisibe-2.png 2000w\" sizes=\"(max-width: 300px) 100vw, 300px\" \/>\n            <\/div>\n        <\/div><div class=\"eael-entry-wrapper\"><header class=\"eael-entry-header\"><h6 class=\"eael-entry-title\"><a class=\"eael-grid-post-link\" href=\"https:\/\/madentaclinic.com\/en\/2025\/10\/20\/la-guia-completa-de-los-alineadores-invisibles\/\" title=\"La Gu\u00eda Completa de los Alineadores Invisibles\">La Gu\u00eda Completa de los Alineadores Invisibles<\/a><\/h6><\/header><div class=\"eael-entry-content\">\n                        <div class=\"eael-grid-post-excerpt\"><p>Gu\u00eda Completa de los Alineadores Invisibles&hellip; Read More<\/p><a href=\"https:\/\/madentaclinic.com\/en\/2025\/10\/20\/la-guia-completa-de-los-alineadores-invisibles\/\" class=\"eael-post-elements-readmore-btn\">Leer m\u00e1s<\/a><\/div>\n                    <\/div><\/div><\/div>\n        <\/div>\n    <\/article><article class=\"eael-grid-post  eael-post-grid-column eael-pg-post-2601 category-blanqueamiento-dental-blog-carillas-dentista-madenta tags-blanqueamiento-dental-carillas-dentales-carillas-panama-clinica-dental-clinicadental-dental-dentista-madenta\" data-id=\"2601\">\n        <div class=\"eael-grid-post-holder\">\n            <div class=\"eael-grid-post-holder-inner\"><div class=\"eael-entry-media\"><div class=\"eael-entry-overlay fade-in\"><i class=\"jki jki-blogger-b\" aria-hidden=\"true\"><\/i><a href=\"https:\/\/madentaclinic.com\/en\/2025\/08\/27\/guia-completa-para-elegir-el-mejor-blanqueamiento-dental\/\"><\/a><\/div><div class=\"eael-entry-thumbnail eael-image-ratio\">\n                <img fetchpriority=\"high\" decoding=\"async\" width=\"300\" height=\"223\" src=\"https:\/\/madentaclinic.com\/wp-content\/uploads\/2025\/08\/portada-blog-300x223.png\" class=\"attachment-medium size-medium wp-image-2605\" alt=\"\" srcset=\"https:\/\/madentaclinic.com\/wp-content\/uploads\/2025\/08\/portada-blog-300x223.png 300w, https:\/\/madentaclinic.com\/wp-content\/uploads\/2025\/08\/portada-blog-1024x761.png 1024w, https:\/\/madentaclinic.com\/wp-content\/uploads\/2025\/08\/portada-blog-768x571.png 768w, https:\/\/madentaclinic.com\/wp-content\/uploads\/2025\/08\/portada-blog-16x12.png 16w, https:\/\/madentaclinic.com\/wp-content\/uploads\/2025\/08\/portada-blog-600x446.png 600w, https:\/\/madentaclinic.com\/wp-content\/uploads\/2025\/08\/portada-blog-840x624.png 840w, https:\/\/madentaclinic.com\/wp-content\/uploads\/2025\/08\/portada-blog-420x312.png 420w, https:\/\/madentaclinic.com\/wp-content\/uploads\/2025\/08\/portada-blog.png 1200w\" sizes=\"(max-width: 300px) 100vw, 300px\" \/>\n            <\/div>\n        <\/div><div class=\"eael-entry-wrapper\"><header class=\"eael-entry-header\"><h6 class=\"eael-entry-title\"><a class=\"eael-grid-post-link\" href=\"https:\/\/madentaclinic.com\/en\/2025\/08\/27\/guia-completa-para-elegir-el-mejor-blanqueamiento-dental\/\" title=\"Gu\u00eda completa para elegir el mejor blanqueamiento dental\">Gu\u00eda completa para elegir el mejor blanqueamiento dental<\/a><\/h6><\/header><div class=\"eael-entry-content\">\n                        <div class=\"eael-grid-post-excerpt\"><p>Preguntas frecuentes sobre Carillas Dentales en Panam\u00e1&hellip; Read...<\/p><a href=\"https:\/\/madentaclinic.com\/en\/2025\/08\/27\/guia-completa-para-elegir-el-mejor-blanqueamiento-dental\/\" class=\"eael-post-elements-readmore-btn\">Leer m\u00e1s<\/a><\/div>\n                    <\/div><\/div><\/div>\n        <\/div>\n    <\/article><article class=\"eael-grid-post  eael-post-grid-column eael-pg-post-2550 category-blanqueamiento-dental-blog-carillas-dentista-madenta tags-blanqueamiento-dental-carillas-dentales-carillas-panama-clinica-dental-clinicadental-dental-dentista-madenta\" data-id=\"2550\">\n        <div class=\"eael-grid-post-holder\">\n            <div class=\"eael-grid-post-holder-inner\"><div class=\"eael-entry-media\"><div class=\"eael-entry-overlay fade-in\"><i class=\"jki jki-blogger-b\" aria-hidden=\"true\"><\/i><a href=\"https:\/\/madentaclinic.com\/en\/2025\/08\/01\/todo-lo-que-debes-saber-sobre-las-sobredentaduras-con-implantes-en-panama\/\"><\/a><\/div><div class=\"eael-entry-thumbnail eael-image-ratio\">\n                <img decoding=\"async\" width=\"300\" height=\"164\" src=\"https:\/\/madentaclinic.com\/wp-content\/uploads\/2025\/08\/sobredentadura-con-implantes-panama-300x164.png\" class=\"attachment-medium size-medium wp-image-2551\" alt=\"\" srcset=\"https:\/\/madentaclinic.com\/wp-content\/uploads\/2025\/08\/sobredentadura-con-implantes-panama-300x164.png 300w, https:\/\/madentaclinic.com\/wp-content\/uploads\/2025\/08\/sobredentadura-con-implantes-panama-768x419.png 768w, https:\/\/madentaclinic.com\/wp-content\/uploads\/2025\/08\/sobredentadura-con-implantes-panama-18x10.png 18w, https:\/\/madentaclinic.com\/wp-content\/uploads\/2025\/08\/sobredentadura-con-implantes-panama-600x327.png 600w, https:\/\/madentaclinic.com\/wp-content\/uploads\/2025\/08\/sobredentadura-con-implantes-panama-420x229.png 420w, https:\/\/madentaclinic.com\/wp-content\/uploads\/2025\/08\/sobredentadura-con-implantes-panama.png 823w\" sizes=\"(max-width: 300px) 100vw, 300px\" \/>\n            <\/div>\n        <\/div><div class=\"eael-entry-wrapper\"><header class=\"eael-entry-header\"><h6 class=\"eael-entry-title\"><a class=\"eael-grid-post-link\" href=\"https:\/\/madentaclinic.com\/en\/2025\/08\/01\/todo-lo-que-debes-saber-sobre-las-sobredentaduras-con-implantes-en-panama\/\" title=\"Todo lo que debes saber sobre las sobredentaduras con implantes en Panam\u00e1\">Todo lo que debes saber sobre las sobredentaduras con implantes en Panam\u00e1<\/a><\/h6><\/header><div class=\"eael-entry-content\">\n                        <div class=\"eael-grid-post-excerpt\"><p>\u00bfQu\u00e9 es una sobredentadura sobre implantes y por...<\/p><a href=\"https:\/\/madentaclinic.com\/en\/2025\/08\/01\/todo-lo-que-debes-saber-sobre-las-sobredentaduras-con-implantes-en-panama\/\" class=\"eael-post-elements-readmore-btn\">Leer m\u00e1s<\/a><\/div>\n                    <\/div><\/div><\/div>\n        <\/div>\n    <\/article><article class=\"eael-grid-post  eael-post-grid-column eael-pg-post-2546 category-blanqueamiento-dental-blog-carillas-dentista-madenta tags-blanqueamiento-dental-carillas-dentales-carillas-panama-clinica-dental-clinicadental-dental-dentista-madenta\" data-id=\"2546\">\n        <div class=\"eael-grid-post-holder\">\n            <div class=\"eael-grid-post-holder-inner\"><div class=\"eael-entry-media\"><div class=\"eael-entry-overlay fade-in\"><i class=\"jki jki-blogger-b\" aria-hidden=\"true\"><\/i><a href=\"https:\/\/madentaclinic.com\/en\/2025\/07\/04\/preguntas-frecuentes-sobre-carillas-dentales-en-panama-lo-que-todo-paciente-quiere-saber-antes-de-decidirse\/\"><\/a><\/div><div class=\"eael-entry-thumbnail eael-image-ratio\">\n                <img loading=\"lazy\" decoding=\"async\" width=\"300\" height=\"137\" src=\"https:\/\/madentaclinic.com\/wp-content\/uploads\/2025\/07\/imagen--300x137.png\" class=\"attachment-medium size-medium wp-image-2547\" alt=\"\" srcset=\"https:\/\/madentaclinic.com\/wp-content\/uploads\/2025\/07\/imagen--300x137.png 300w, https:\/\/madentaclinic.com\/wp-content\/uploads\/2025\/07\/imagen--768x351.png 768w, https:\/\/madentaclinic.com\/wp-content\/uploads\/2025\/07\/imagen--18x8.png 18w, https:\/\/madentaclinic.com\/wp-content\/uploads\/2025\/07\/imagen--600x274.png 600w, https:\/\/madentaclinic.com\/wp-content\/uploads\/2025\/07\/imagen--840x384.png 840w, https:\/\/madentaclinic.com\/wp-content\/uploads\/2025\/07\/imagen--420x192.png 420w, https:\/\/madentaclinic.com\/wp-content\/uploads\/2025\/07\/imagen-.png 985w\" sizes=\"(max-width: 300px) 100vw, 300px\" \/>\n            <\/div>\n        <\/div><div class=\"eael-entry-wrapper\"><header class=\"eael-entry-header\"><h6 class=\"eael-entry-title\"><a class=\"eael-grid-post-link\" href=\"https:\/\/madentaclinic.com\/en\/2025\/07\/04\/preguntas-frecuentes-sobre-carillas-dentales-en-panama-lo-que-todo-paciente-quiere-saber-antes-de-decidirse\/\" title=\"Preguntas frecuentes sobre Carillas Dentales en Panam\u00e1: lo que todo paciente quiere saber antes de decidirse\">Preguntas frecuentes sobre Carillas Dentales en Panam\u00e1: lo que todo paciente quiere saber antes de decidirse<\/a><\/h6><\/header><div class=\"eael-entry-content\">\n                        <div class=\"eael-grid-post-excerpt\"><p>Preguntas frecuentes sobre Carillas Dentales en Panam\u00e1&hellip; Read...<\/p><a href=\"https:\/\/madentaclinic.com\/en\/2025\/07\/04\/preguntas-frecuentes-sobre-carillas-dentales-en-panama-lo-que-todo-paciente-quiere-saber-antes-de-decidirse\/\" class=\"eael-post-elements-readmore-btn\">Leer m\u00e1s<\/a><\/div>\n                    <\/div><\/div><\/div>\n        <\/div>\n    <\/article><\/div>\n            <div class=\"clearfix\"><\/div>\n        <\/div>            <div class=\"eael-load-more-button-wrap\">\n                <button class=\"eael-load-more-button\" id=\"eael-load-more-btn-71ccdc6\" data-widget-id=\"71ccdc6\" data-widget=\"71ccdc6\" data-page-id=\"2130\" data-template=\"{&quot;dir&quot;:&quot;lite&quot;,&quot;file_name&quot;:&quot;one.php&quot;,&quot;name&quot;:&quot;Post-Grid&quot;}\" data-class=\"Essential_Addons_Elementor\\Elements\\Post_Grid\" data-layout=\"grid\" data-page=\"1\" data-args=\"orderby=date&amp;order=desc&amp;ignore_sticky_posts=1&amp;post_status=publish&amp;posts_per_page=4&amp;offset=0&amp;post_type=post\" data-max-page=\"5\">\n                    <span class=\"eael-btn-loader button__loader\"><\/span>\n                    <span class=\"eael_load_more_text\">Cargar m\u00e1s<\/span>\n                <\/button>\n            <\/div>\n            \t\t\t\t<\/div>\n\t\t\t\t<\/div>\n\t\t\t\t\t<\/div>\n\t\t<\/div>\n\t\t\t\t\t<\/div>\n\t\t<\/section>\n\t\t\t\t<\/div>","protected":false},"excerpt":{"rendered":"<p>\u00bfQu\u00e9 son las carillas? Las carillas dentales son unas l\u00e1minas delgadas y&#8230;Leer m\u00e1s Bruxismo en tiempos de pandemia Dr. Juan Jos\u00e9 Guardia Orillac, Dra. Vanessa Ford&#8230;Leer m\u00e1s Alineadores Invisibles La Ortodoncia del futuro lleg\u00f3 hace rato Dr.&nbsp;Julio&#8230;Leer m\u00e1s \u00bfPreservaci\u00f3n del &hellip; <a class=\"kt-excerpt-readmore more-link\" href=\"https:\/\/madentaclinic.com\/en\/2025\/07\/04\/preguntas-frecuentes-sobre-carillas-dentales-en-panama-lo-que-todo-paciente-quiere-saber-antes-de-decidirse\/\">Read More<\/a>&hellip; <a class=\"kt-excerpt-readmore more-link\" href=\"https:\/\/madentaclinic.com\/en\/2025\/07\/04\/preguntas-frecuentes-sobre-carillas-dentales-en-panama-lo-que-todo-paciente-quiere-saber-antes-de-decidirse\/\">Read More<\/a><\/p>","protected":false},"author":1,"featured_media":0,"parent":0,"menu_order":0,"comment_status":"closed","ping_status":"closed","template":"","meta":{"om_disable_all_campaigns":false,"_monsterinsights_skip_tracking":false,"_monsterinsights_sitenote_active":false,"_monsterinsights_sitenote_note":"","_monsterinsights_sitenote_category":0,"_joinchat":[],"footnotes":""},"class_list":["post-2130","page","type-page","status-publish","hentry"],"aioseo_notices":[],"_links":{"self":[{"href":"https:\/\/madentaclinic.com\/en\/wp-json\/wp\/v2\/pages\/2130","targetHints":{"allow":["GET"]}}],"collection":[{"href":"https:\/\/madentaclinic.com\/en\/wp-json\/wp\/v2\/pages"}],"about":[{"href":"https:\/\/madentaclinic.com\/en\/wp-json\/wp\/v2\/types\/page"}],"author":[{"embeddable":true,"href":"https:\/\/madentaclinic.com\/en\/wp-json\/wp\/v2\/users\/1"}],"replies":[{"embeddable":true,"href":"https:\/\/madentaclinic.com\/en\/wp-json\/wp\/v2\/comments?post=2130"}],"version-history":[{"count":10,"href":"https:\/\/madentaclinic.com\/en\/wp-json\/wp\/v2\/pages\/2130\/revisions"}],"predecessor-version":[{"id":2195,"href":"https:\/\/madentaclinic.com\/en\/wp-json\/wp\/v2\/pages\/2130\/revisions\/2195"}],"wp:attachment":[{"href":"https:\/\/madentaclinic.com\/en\/wp-json\/wp\/v2\/media?parent=2130"}],"curies":[{"name":"wp","href":"https:\/\/api.w.org\/{rel}","templated":true}]}}